{"id":1719,"date":"2019-12-09T14:32:04","date_gmt":"2019-12-09T11:32:04","guid":{"rendered":"https:\/\/mindcare.qodeinteractive.com\/?page_id=1719"},"modified":"2025-09-06T12:05:18","modified_gmt":"2025-09-06T09:05:18","slug":"sss","status":"publish","type":"page","link":"https:\/\/ankarapsikoterapi.com\/index.php\/sss\/","title":{"rendered":"S\u0131k\u00e7a Sorulan Sorular"},"content":{"rendered":"<p>[vc_row][vc_column width=&#8221;1\/4&#8243;][vc_empty_space][\/vc_column][vc_column width=&#8221;1\/2&#8243;][vc_empty_space height=&#8221;40px&#8221;][vc_toggle title=&#8221;Psikoterapi nedir?&#8221;]Ki\u015finin psikolojik anlamda kendini daha iyiye ta\u015f\u0131mak \u00fczere<br \/>\npsikoterapist taraf\u0131ndan tasarlanm\u0131\u015f kar\u015f\u0131l\u0131kl\u0131 g\u00f6r\u00fc\u015fme ve konu\u015fma<br \/>\nesas\u0131na dayanan \u00e7al\u0131\u015fmalard\u0131r[\/vc_toggle][vc_toggle title=&#8221;Psikoterapiye ba\u015fvurma karar\u0131m\u0131 nas\u0131l verebilirim?&#8221;]Ki\u015filer ya\u015famlar\u0131n\u0131 anlamland\u0131rmak, kendilerini iyi hissetmek ve zorluklarla ba\u015fa \u00e7\u0131kmak i\u00e7in terapiye y\u00f6nelirler. Terapi, depresyon, panik atak, kayg\u0131, ve \u00f6fke gibi semptomlar\u0131 hafifletmelerine yard\u0131mc\u0131 olabilir. Ayr\u0131ca, tekrarlayan negatif ili\u015fki d\u00f6ng\u00fcleri, i\u015f hayat\u0131nda t\u0131kanmalar, ve ki\u015fisel geli\u015fim aray\u0131\u015flar\u0131 gibi durumlar da terapiye olan ihtiyac\u0131 art\u0131rabilir. Terapi, i\u00e7sel uyum ve d\u0131\u015fsal denge aray\u0131\u015flar\u0131n\u0131 destekleyerek ki\u015filere daha b\u00fct\u00fcnle\u015fik ve huzurlu bir ya\u015fam\u0131n kap\u0131lar\u0131n\u0131 a\u00e7abilir.[\/vc_toggle][vc_toggle title=&#8221;\u00d6n G\u00f6r\u00fc\u015fme s\u00fcrecinin i\u00e7eri\u011fi nedir?&#8221;]\u00d6n g\u00f6r\u00fc\u015fme, terapistiniz ile sorununuzla ilgili detayl\u0131 bilgileri payla\u015f\u0131p yol haritas\u0131n\u0131n belirlendi\u011fi \u00f6nemli bir g\u00f6r\u00fc\u015fmedir. Ayr\u0131ca, merkezi ve terapisti tan\u0131ma f\u0131rsat\u0131 sunar.[\/vc_toggle][vc_toggle title=&#8221;Bireysel psikoterapi nedir?&#8221;]Bireysel psikoterapi, ki\u015filerin kendilerini, hayatlar\u0131n\u0131 alg\u0131lay\u0131\u015flar\u0131nda sorun ve mutsuzluklar\u0131 oldu\u011fu durumlarda ba\u015fvurduklar\u0131 konu\u015fma esas\u0131na dayal\u0131 terapi y\u00f6ntemidir. Bu terapi, aile, ili\u015fki, i\u015f, veya ki\u015fisel sorunlar\u0131 ele al\u0131r.[\/vc_toggle][vc_toggle title=&#8221;\u00c7ift terapisi i\u00e7in e\u015fimi ikna edemedi\u011fimde tek ba\u015f\u0131ma gitmek sorunlar\u0131m\u0131z\u0131n \u00e7\u00f6z\u00fcm\u00fcn\u00fc sa\u011flar m\u0131?&#8221;]E\u015flerin birlikte \u00e7ift terapisine gitmesi ili\u015fkiye dair sorunlar\u0131n ele al\u0131nabilmesi i\u00e7in en temel kurald\u0131r. Tek ba\u015f\u0131na gitmek, \u00e7ift terapisi sa\u011flayamaz, ancak bireysel terapi ile kendi psikolojik \u00e7\u00f6z\u00fcm\u00fcn\u00fc ba\u015flatmak m\u00fcmk\u00fcnd\u00fcr.[\/vc_toggle][vc_toggle title=&#8221;Bo\u015fanma dan\u0131\u015fmanl\u0131\u011f\u0131 veya bo\u015fanma terapisi ne i\u015fe yarar?&#8221;]Bo\u015fanma dan\u0131\u015fmanl\u0131\u011f\u0131, evlili\u011fi s\u00fcrd\u00fcremeyen \u00e7iftlerin ve \u00e7ocuklar\u0131n bo\u015fanma s\u00fcrecinde desteklenmesini i\u00e7erir. Ayr\u0131ca, \u00e7ocuklar\u0131n yeni aile ya\u015fant\u0131s\u0131na uyum sa\u011flamalar\u0131 ve anne-baban\u0131n ayr\u0131 ya\u015fam s\u00fcre\u00e7lerine haz\u0131rlanmalar\u0131n\u0131 i\u00e7erir.[\/vc_toggle][vc_toggle title=&#8221;\u0130yile\u015fme i\u00e7in ka\u00e7 seans g\u00f6r\u00fc\u015fme gereklidir?&#8221;]Dan\u0131\u015fan\u0131n i\u00e7inde bulundu\u011fu durumun \u00f6zelliklerine g\u00f6re s\u00fcrecin uzunlu\u011fu de\u011fi\u015fir. \u0130lerleme h\u0131z\u0131 ve terapiye verilen yan\u0131tlar, s\u00fcrecin sonland\u0131r\u0131lmas\u0131 i\u00e7in belirleyici olur.[\/vc_toggle][vc_toggle title=&#8221;Seans s\u0131kl\u0131klar\u0131 ne kadar olmal\u0131d\u0131r?&#8221;]G\u00f6r\u00fc\u015fmeler haftada bir kez planlan\u0131r, ancak ilerleyen d\u00f6nemde iyile\u015fme oran\u0131na g\u00f6re seans aral\u0131\u011f\u0131 a\u00e7\u0131labilir. Ki\u015finin ya\u015fam\u0131ndaki zorlu veya olumsuz durumlar artt\u0131k\u00e7a, seans say\u0131s\u0131 ve s\u0131kl\u0131\u011f\u0131 de\u011fi\u015ftirilebilir.[\/vc_toggle][vc_toggle title=&#8221;Seanslar ne kadar s\u00fcrer?&#8221;]Seanslar 55 dakika s\u00fcrmektedir.[\/vc_toggle][vc_toggle title=&#8221;Seanda payla\u015ft\u0131klar\u0131m\u0131n gizlili\u011fine nas\u0131l g\u00fcvenebilirim?&#8221;]Psikoterapi seanslar\u0131 s\u0131ras\u0131nda payla\u015f\u0131lan i\u00e7erikler ve ki\u015fisel bilgiler, gizlilik ve mesleki etik kurallar\u0131 kapsam\u0131nda korunur. Bu gizlilik, terapi sona erdikten sonra da devam eder.[\/vc_toggle][vc_toggle title=&#8221;Psikoterapi seanslar\u0131nda kendimizle ve hayat\u0131m\u0131zla ilgili s\u0131r say\u0131lacak bilgilerimizi s\u00f6ylemek zorunda m\u0131y\u0131z?&#8221;]S\u0131r olarak saklamak istedi\u011finiz bilgileri s\u00f6ylemeniz gerekmez. Ancak, terapiden yarar g\u00f6rmek i\u00e7in sorunlar\u0131n\u0131z\u0131 ve ya\u015fant\u0131lar\u0131n\u0131z\u0131 do\u011fru \u015fekilde payla\u015fman\u0131z terapiniz a\u00e7\u0131s\u0131ndan daha faydal\u0131 olacakt\u0131r.[\/vc_toggle][vc_toggle title=&#8221;Psikoterapi yard\u0131m\u0131 al\u0131nmas\u0131 uygun olabilecek durumlar nelerdir?&#8221;]Ki\u015filik bozukluklar\u0131, depresyon, \u00f6fke kontrol sorunlar\u0131, kayg\u0131 bozukluklar\u0131, stres, panik atak, ili\u015fki problemleri, cinsel sorunlar, yeme davran\u0131\u015f\u0131 bozukluklar\u0131, kay\u0131p, yas, travma sonras\u0131 terapi, psikosomatik rahats\u0131zl\u0131klar, \u00f6zg\u00fcven eksikli\u011fi, i\u015f stresleri ve performans kayg\u0131s\u0131 gibi durumlar i\u00e7in psikoterapi uygun olabilir.[\/vc_toggle][vc_toggle title=&#8221;Psikolojik sebeplerle ila\u00e7 kullan\u0131rken psikoterapi yap\u0131labiliyor mu?&#8221;]Psikiyatrik ila\u00e7 kullan\u0131m\u0131 gerektiren durumlarda, psikoterapi ve ila\u00e7 tedavisi bir arada kullan\u0131labilir. Bu durum, ki\u015finin klinik durumuna ve ihtiyac\u0131na ba\u011fl\u0131 olarak psikiyatrist ve psikoterapist taraf\u0131ndan belirlenir.[\/vc_toggle][vc_toggle title=&#8221;Psikoterapiden fayda g\u00f6r\u00fclen durumlar nelerdir?&#8221;]Psikoterapi, bo\u015fanma d\u00f6nemlerinde, evlilik ve \u00e7ift problemlerinde, ki\u015filik bozukluklar\u0131nda, anksiyete, depresyon, fobi, panik atak, \u00f6fke kontrol bozuklu\u011fu, ergenlik d\u00f6nemi problemlerinde, kay\u0131p ve yas d\u00f6nemlerinde etkili olabilir.[\/vc_toggle][vc_toggle title=&#8221;Terapi \u00e7e\u015fitlerinde dan\u0131\u015fan profili nas\u0131l belirlenir?&#8221;]Bireysel terapi, \u00e7ift terapisi, aile terapisi, bo\u015fanma terapisi, ergen terapisi ve \u00e7ocuk ya\u015f grubu terapisi gibi terapi t\u00fcrleri, dan\u0131\u015fan\u0131n ihtiyac\u0131na ve terapistin uzmanl\u0131k alan\u0131na g\u00f6re belirlenir.[\/vc_toggle][vc_toggle title=&#8221;Psikoterapi almas\u0131 i\u00e7in yak\u0131nlar\u0131m\u0131z ad\u0131na ba\u015fvurmak uygun mudur?&#8221;]Evet, yak\u0131nlar\u0131n\u0131z\u0131n psikoterapiye ba\u015fvurmas\u0131na yard\u0131mc\u0131 olabilirsiniz. Ancak, \u00f6nemli bir husus \u015fudur: Psikoterapiye gelmesi gereken ki\u015fi, bu deste\u011fi talep etmeli ve istemelidir. Zorla veya bask\u0131yla terapiye y\u00f6nlendirilen bir ki\u015fi, genellikle terapiden fayda g\u00f6rmekte zorlanabilir.<\/p>\n<p>\u00d6zellikle evlilik veya ili\u015fki problemleri gibi durumlarda, her iki e\u015fin de terapiye istekli olmas\u0131, terapinin ba\u015far\u0131l\u0131 bir \u015fekilde i\u015flemesine katk\u0131 sa\u011flar. \u0130\u015fbirli\u011fi ve samimiyet, terapinin etkili olmas\u0131nda kritik \u00f6neme sahiptir. Bu nedenle, yak\u0131nlar\u0131n\u0131za psikoterapi \u00f6nerirken, onlar\u0131n kendi isteklerine ve ihtiya\u00e7lar\u0131na odaklanmalar\u0131n\u0131 te\u015fvik etmek \u00f6nemlidir.[\/vc_toggle][\/vc_column][vc_column width=&#8221;1\/4&#8243;][vc_empty_space][\/vc_column][\/vc_row]<\/p>\n","protected":false},"excerpt":{"rendered":"<p>[vc_row][vc_column width=&#8221;1\/4&#8243;][vc_empty_space][\/vc_column][vc_column width=&#8221;1\/2&#8243;][vc_empty_space height=&#8221;40px&#8221;][vc_toggle title=&#8221;Psikoterapi nedir?&#8221;]Ki\u015finin psikolojik anlamda kendini daha iyiye ta\u015f\u0131mak \u00fczere psikoterapist taraf\u0131ndan tasarlanm\u0131\u015f kar\u015f\u0131l\u0131kl\u0131 g\u00f6r\u00fc\u015fme ve konu\u015fma esas\u0131na dayanan \u00e7al\u0131\u015fmalard\u0131r[\/vc_toggle][vc_toggle title=&#8221;Psikoterapiye ba\u015fvurma karar\u0131m\u0131 nas\u0131l verebilirim?&#8221;]Ki\u015filer ya\u015famlar\u0131n\u0131 anlamland\u0131rmak, kendilerini iyi hissetmek ve zorluklarla ba\u015fa \u00e7\u0131kmak i\u00e7in terapiye y\u00f6nelirler. Terapi, depresyon, panik atak, kayg\u0131, ve \u00f6fke gibi semptomlar\u0131 hafifletmelerine yard\u0131mc\u0131 olabilir. Ayr\u0131ca, tekrarlayan negatif [&hellip;]<\/p>\n","protected":false},"author":1,"featured_media":0,"parent":0,"menu_order":0,"comment_status":"closed","ping_status":"closed","template":"","meta":{"_monsterinsights_skip_tracking":false,"_monsterinsights_sitenote_active":false,"_monsterinsights_sitenote_note":"","_monsterinsights_sitenote_category":0,"footnotes":""},"class_list":["post-1719","page","type-page","status-publish","hentry"],"aioseo_notices":[],"_links":{"self":[{"href":"https:\/\/ankarapsikoterapi.com\/index.php\/wp-json\/wp\/v2\/pages\/1719","targetHints":{"allow":["GET"]}}],"collection":[{"href":"https:\/\/ankarapsikoterapi.com\/index.php\/wp-json\/wp\/v2\/pages"}],"about":[{"href":"https:\/\/ankarapsikoterapi.com\/index.php\/wp-json\/wp\/v2\/types\/page"}],"author":[{"embeddable":true,"href":"https:\/\/ankarapsikoterapi.com\/index.php\/wp-json\/wp\/v2\/users\/1"}],"replies":[{"embeddable":true,"href":"https:\/\/ankarapsikoterapi.com\/index.php\/wp-json\/wp\/v2\/comments?post=1719"}],"version-history":[{"count":16,"href":"https:\/\/ankarapsikoterapi.com\/index.php\/wp-json\/wp\/v2\/pages\/1719\/revisions"}],"predecessor-version":[{"id":2842,"href":"https:\/\/ankarapsikoterapi.com\/index.php\/wp-json\/wp\/v2\/pages\/1719\/revisions\/2842"}],"wp:attachment":[{"href":"https:\/\/ankarapsikoterapi.com\/index.php\/wp-json\/wp\/v2\/media?parent=1719"}],"curies":[{"name":"wp","href":"https:\/\/api.w.org\/{rel}","templated":true}]}}